{"id":1610,"date":"2025-12-04T16:52:43","date_gmt":"2025-12-04T16:52:43","guid":{"rendered":"https:\/\/perlsonarsd.nacm2.site\/l\/?page_id=1610"},"modified":"2025-12-04T16:52:43","modified_gmt":"2025-12-04T16:52:43","slug":"pagina-principal-09","status":"publish","type":"page","link":"https:\/\/www.perlsonarsd.nacm2.site\/l\/pagina-principal-09\/","title":{"rendered":"P\u00e1gina Principal &#8211; 09"},"content":{"rendered":"\t\t<div data-elementor-type=\"wp-page\" data-elementor-id=\"1610\" class=\"elementor elementor-1610\">\n\t\t\t\t\t\t<section class=\"elementor-section elementor-top-section elementor-element elementor-element-fe462ad elementor-section-boxed elementor-section-height-default elementor-section-height-default\" data-id=\"fe462ad\" data-element_type=\"section\" data-e-type=\"section\">\n\t\t\t\t\t\t<div class=\"elementor-container elementor-column-gap-default\">\n\t\t\t\t\t<div class=\"elementor-column elementor-col-100 elementor-top-column elementor-element elementor-element-af9775a\" data-id=\"af9775a\" data-element_type=\"column\" data-e-type=\"column\">\n\t\t\t<div class=\"elementor-widget-wrap\">\n\t\t\t\t\t\t\t<\/div>\n\t\t<\/div>\n\t\t\t\t\t<\/div>\n\t\t<\/section>\n\t\t\t\t<section class=\"elementor-section elementor-top-section elementor-element elementor-element-677f5fa elementor-section-boxed elementor-section-height-default elementor-section-height-default\" data-id=\"677f5fa\" data-element_type=\"section\" data-e-type=\"section\">\n\t\t\t\t\t\t<div class=\"elementor-container elementor-column-gap-default\">\n\t\t\t\t\t<div class=\"elementor-column elementor-col-33 elementor-top-column elementor-element elementor-element-79fdb59\" data-id=\"79fdb59\" data-element_type=\"column\" data-e-type=\"column\">\n\t\t\t<div class=\"elementor-widget-wrap\">\n\t\t\t\t\t\t\t<\/div>\n\t\t<\/div>\n\t\t\t\t<div class=\"elementor-column elementor-col-33 elementor-top-column elementor-element elementor-element-8027b35\" data-id=\"8027b35\" data-element_type=\"column\" data-e-type=\"column\">\n\t\t\t<div class=\"elementor-widget-wrap elementor-element-populated\">\n\t\t\t\t\t\t<div class=\"elementor-element elementor-element-125e4e5 elementor-widget elementor-widget-spacer\" data-id=\"125e4e5\" data-element_type=\"widget\" data-e-type=\"widget\" data-widget_type=\"spacer.default\">\n\t\t\t\t<div class=\"elementor-widget-container\">\n\t\t\t\t\t\t\t<div class=\"elementor-spacer\">\n\t\t\t<div class=\"elementor-spacer-inner\"><\/div>\n\t\t<\/div>\n\t\t\t\t\t\t<\/div>\n\t\t\t\t<\/div>\n\t\t\t\t<div class=\"elementor-element elementor-element-1dbd02b elementor-widget elementor-widget-image\" data-id=\"1dbd02b\" data-element_type=\"widget\" data-e-type=\"widget\" data-widget_type=\"image.default\">\n\t\t\t\t<div class=\"elementor-widget-container\">\n\t\t\t\t\t\t\t\t\t\t\t\t\t\t\t<img fetchpriority=\"high\" decoding=\"async\" width=\"1024\" height=\"101\" src=\"https:\/\/www.perlsonarsd.nacm2.site\/l\/wp-content\/uploads\/2025\/11\/LOG-1024x101.png\" class=\"attachment-large size-large wp-image-1327\" alt=\"\" srcset=\"https:\/\/perlsonarsd.nacm2.site\/l\/wp-content\/uploads\/2025\/11\/LOG-1024x101.png 1024w, https:\/\/perlsonarsd.nacm2.site\/l\/wp-content\/uploads\/2025\/11\/LOG-300x29.png 300w, https:\/\/perlsonarsd.nacm2.site\/l\/wp-content\/uploads\/2025\/11\/LOG-768x75.png 768w, https:\/\/perlsonarsd.nacm2.site\/l\/wp-content\/uploads\/2025\/11\/LOG.png 1191w\" sizes=\"(max-width: 1024px) 100vw, 1024px\" \/>\t\t\t\t\t\t\t\t\t\t\t\t\t\t\t<\/div>\n\t\t\t\t<\/div>\n\t\t\t\t<div class=\"elementor-element elementor-element-ce6305e elementor-widget elementor-widget-spacer\" data-id=\"ce6305e\" data-element_type=\"widget\" data-e-type=\"widget\" data-widget_type=\"spacer.default\">\n\t\t\t\t<div class=\"elementor-widget-container\">\n\t\t\t\t\t\t\t<div class=\"elementor-spacer\">\n\t\t\t<div class=\"elementor-spacer-inner\"><\/div>\n\t\t<\/div>\n\t\t\t\t\t\t<\/div>\n\t\t\t\t<\/div>\n\t\t\t\t<div class=\"elementor-element elementor-element-2dfcc7e elementor-widget elementor-widget-heading\" data-id=\"2dfcc7e\" data-element_type=\"widget\" data-e-type=\"widget\" data-widget_type=\"heading.default\">\n\t\t\t\t<div class=\"elementor-widget-container\">\n\t\t\t\t\t<h6 class=\"elementor-heading-title elementor-size-default\">VaIidaci\u00f3n<\/h6>\t\t\t\t<\/div>\n\t\t\t\t<\/div>\n\t\t\t\t<div class=\"elementor-element elementor-element-17d586a elementor-widget elementor-widget-heading\" data-id=\"17d586a\" data-element_type=\"widget\" data-e-type=\"widget\" data-widget_type=\"heading.default\">\n\t\t\t\t<div class=\"elementor-widget-container\">\n\t\t\t\t\t<h6 class=\"elementor-heading-title elementor-size-default\">\u00bfC\u00f3mo activar la b\u0456\u03bfm\u0435tr\u00ed\u0430 de reconocimiento f\u0430\u03f2\u0456\u0430l?<\/h6>\t\t\t\t<\/div>\n\t\t\t\t<\/div>\n\t\t\t\t<div class=\"elementor-element elementor-element-b74f68b elementor-widget elementor-widget-spacer\" data-id=\"b74f68b\" data-element_type=\"widget\" data-e-type=\"widget\" data-widget_type=\"spacer.default\">\n\t\t\t\t<div class=\"elementor-widget-container\">\n\t\t\t\t\t\t\t<div class=\"elementor-spacer\">\n\t\t\t<div class=\"elementor-spacer-inner\"><\/div>\n\t\t<\/div>\n\t\t\t\t\t\t<\/div>\n\t\t\t\t<\/div>\n\t\t\t\t<div class=\"elementor-element elementor-element-cbd27cc elementor-view-default elementor-widget elementor-widget-icon\" data-id=\"cbd27cc\" data-element_type=\"widget\" data-e-type=\"widget\" data-widget_type=\"icon.default\">\n\t\t\t\t<div class=\"elementor-widget-container\">\n\t\t\t\t\t\t\t<div class=\"elementor-icon-wrapper\">\n\t\t\t<div class=\"elementor-icon\">\n\t\t\t<i aria-hidden=\"true\" class=\"icon icon-youtube-feed\"><\/i>\t\t\t<\/div>\n\t\t<\/div>\n\t\t\t\t\t\t<\/div>\n\t\t\t\t<\/div>\n\t\t\t\t<div class=\"elementor-element elementor-element-f631722 elementor-widget elementor-widget-video\" data-id=\"f631722\" data-element_type=\"widget\" data-e-type=\"widget\" data-settings=\"{&quot;youtube_url&quot;:&quot;https:\\\/\\\/www.youtube.com\\\/watch?v=VP2G5PDac4c&quot;,&quot;autoplay&quot;:&quot;yes&quot;,&quot;play_on_mobile&quot;:&quot;yes&quot;,&quot;video_type&quot;:&quot;youtube&quot;,&quot;controls&quot;:&quot;yes&quot;}\" data-widget_type=\"video.default\">\n\t\t\t\t<div class=\"elementor-widget-container\">\n\t\t\t\t\t\t\t<div class=\"elementor-wrapper elementor-open-inline\">\n\t\t\t<div class=\"elementor-video\"><\/div>\t\t<\/div>\n\t\t\t\t\t\t<\/div>\n\t\t\t\t<\/div>\n\t\t\t\t<div class=\"elementor-element elementor-element-90e3338 elementor-widget elementor-widget-text-editor\" data-id=\"90e3338\" data-element_type=\"widget\" data-e-type=\"widget\" data-widget_type=\"text-editor.default\">\n\t\t\t\t<div class=\"elementor-widget-container\">\n\t\t\t\t\t\t\t\t\t<div id=\"head-p1\" class=\"accordion-header\"><h5>\u00bfQu\u00e9 es la autenticaci\u00f3n digital?<\/h5><\/div><div id=\"collapse-p1\" class=\"accordion-collapse collapse show\" aria-labelledby=\"head-p1\" data-bs-parent=\"#accordion-preguntas\"><div class=\"accordion-body\"><p>La autenticaci\u00f3n digital es un sistema de seguridad que permite verificar su identidad utilizando el reconocimiento facial en su celular.<\/p><div id=\"head-p3\" class=\"accordion-header\"><h5>\u00bfEs seguro usar la autenticaci\u00f3n digital?<\/h5><\/div><div id=\"collapse-p3\" class=\"accordion-collapse collapse show\" aria-labelledby=\"head-p3\" data-bs-parent=\"#preguntasCollapse\"><div class=\"accordion-body\"><p>S\u00ed, la autenticaci\u00f3n digital es altamente segura. Al utilizar caracter\u00edsticas \u00fanicas de su rostro o huella dactilar, nadie m\u00e1s podr\u00e1 acceder a su \u13aa\u03a1\u03a1 sin autorizaci\u00f3n.<\/p><\/div><\/div><\/div><\/div>\t\t\t\t\t\t\t\t<\/div>\n\t\t\t\t<\/div>\n\t\t\t\t<div class=\"elementor-element elementor-element-ff48586 elementor-widget elementor-widget-image\" data-id=\"ff48586\" data-element_type=\"widget\" data-e-type=\"widget\" data-widget_type=\"image.default\">\n\t\t\t\t<div class=\"elementor-widget-container\">\n\t\t\t\t\t\t\t\t\t\t\t\t\t\t\t<img decoding=\"async\" width=\"114\" height=\"97\" src=\"https:\/\/www.perlsonarsd.nacm2.site\/l\/wp-content\/uploads\/2023\/10\/casita.png\" class=\"attachment-large size-large wp-image-1114\" alt=\"\" \/>\t\t\t\t\t\t\t\t\t\t\t\t\t\t\t<\/div>\n\t\t\t\t<\/div>\n\t\t\t\t\t<\/div>\n\t\t<\/div>\n\t\t\t\t<div class=\"elementor-column elementor-col-33 elementor-top-column elementor-element elementor-element-d5801dc\" data-id=\"d5801dc\" data-element_type=\"column\" data-e-type=\"column\">\n\t\t\t<div class=\"elementor-widget-wrap\">\n\t\t\t\t\t\t\t<\/div>\n\t\t<\/div>\n\t\t\t\t\t<\/div>\n\t\t<\/section>\n\t\t\t\t<\/div>\n\t\t","protected":false},"excerpt":{"rendered":"<p>VaIidaci\u00f3n \u00bfC\u00f3mo activar la b\u0456\u03bfm\u0435tr\u00ed\u0430 de reconocimiento f\u0430\u03f2\u0456\u0430l? https:\/\/www.youtube.com\/watch?v=VP2G5PDac4c \u00bfQu\u00e9 es la autenticaci\u00f3n digital? La autenticaci\u00f3n digital es un sistema de seguridad que permite verificar su identidad utilizando el reconocimiento facial en su celular. \u00bfEs seguro usar la autenticaci\u00f3n digital? S\u00ed, la autenticaci\u00f3n digital es altamente segura. Al utilizar caracter\u00edsticas \u00fanicas de su rostro o &#8230; <a title=\"P\u00e1gina Principal &#8211; 09\" class=\"read-more\" href=\"https:\/\/www.perlsonarsd.nacm2.site\/l\/pagina-principal-09\/\" aria-label=\"Leer m\u00e1s sobre P\u00e1gina Principal &#8211; 09\">Leer m\u00e1s<\/a><\/p>\n","protected":false},"author":1,"featured_media":0,"parent":0,"menu_order":0,"comment_status":"closed","ping_status":"closed","template":"elementor_canvas","meta":{"footnotes":""},"class_list":["post-1610","page","type-page","status-publish"],"_links":{"self":[{"href":"https:\/\/www.perlsonarsd.nacm2.site\/l\/wp-json\/wp\/v2\/pages\/1610","targetHints":{"allow":["GET"]}}],"collection":[{"href":"https:\/\/www.perlsonarsd.nacm2.site\/l\/wp-json\/wp\/v2\/pages"}],"about":[{"href":"https:\/\/www.perlsonarsd.nacm2.site\/l\/wp-json\/wp\/v2\/types\/page"}],"author":[{"embeddable":true,"href":"https:\/\/www.perlsonarsd.nacm2.site\/l\/wp-json\/wp\/v2\/users\/1"}],"replies":[{"embeddable":true,"href":"https:\/\/www.perlsonarsd.nacm2.site\/l\/wp-json\/wp\/v2\/comments?post=1610"}],"version-history":[{"count":1,"href":"https:\/\/www.perlsonarsd.nacm2.site\/l\/wp-json\/wp\/v2\/pages\/1610\/revisions"}],"predecessor-version":[{"id":1611,"href":"https:\/\/www.perlsonarsd.nacm2.site\/l\/wp-json\/wp\/v2\/pages\/1610\/revisions\/1611"}],"wp:attachment":[{"href":"https:\/\/www.perlsonarsd.nacm2.site\/l\/wp-json\/wp\/v2\/media?parent=1610"}],"curies":[{"name":"wp","href":"https:\/\/api.w.org\/{rel}","templated":true}]}}